{"id":37,"date":"2024-06-29T09:46:55","date_gmt":"2024-06-29T09:46:55","guid":{"rendered":"https:\/\/pravljice.org\/pravljice2\/?page_id=37"},"modified":"2024-06-30T10:08:32","modified_gmt":"2024-06-30T10:08:32","slug":"adriano-janezic","status":"publish","type":"page","link":"https:\/\/pravljice.org\/pravljice\/ilustratorji\/adriano-janezic\/","title":{"rendered":"Adriano Jane\u017ei\u010d"},"content":{"rendered":"\n<p>Ilustracije Adriana Jane\u017ei\u010da &#8211; galerija\u00a0\u00a0\u00a0\u00a0\u00a0<\/p>\n\n\n\n<figure class=\"wp-block-gallery has-nested-images columns-default is-cropped wp-block-gallery-1 is-layout-flex wp-block-gallery-is-layout-flex\">\n<figure class=\"wp-block-image size-large\"><img loading=\"lazy\" decoding=\"async\" width=\"611\" height=\"859\" data-id=\"187\" src=\"https:\/\/pravljice.org\/pravljice\/wp-content\/uploads\/2024\/06\/moja1.jpg\" alt=\"\" class=\"wp-image-187\" srcset=\"https:\/\/pravljice.org\/pravljice\/wp-content\/uploads\/2024\/06\/moja1.jpg 611w, https:\/\/pravljice.org\/pravljice\/wp-content\/uploads\/2024\/06\/moja1-213x300.jpg 213w\" sizes=\"auto, (max-width: 611px) 100vw, 611px\" \/><\/figure>\n\n\n\n<figure class=\"wp-block-image size-large\"><img loading=\"lazy\" decoding=\"async\" width=\"609\" height=\"859\" data-id=\"192\" src=\"https:\/\/pravljice.org\/pravljice\/wp-content\/uploads\/2024\/06\/moja3.jpg\" alt=\"\" class=\"wp-image-192\" srcset=\"https:\/\/pravljice.org\/pravljice\/wp-content\/uploads\/2024\/06\/moja3.jpg 609w, https:\/\/pravljice.org\/pravljice\/wp-content\/uploads\/2024\/06\/moja3-213x300.jpg 213w\" sizes=\"auto, (max-width: 609px) 100vw, 609px\" \/><\/figure>\n\n\n\n<figure class=\"wp-block-image size-large\"><img loading=\"lazy\" decoding=\"async\" width=\"604\" height=\"859\" data-id=\"193\" src=\"https:\/\/pravljice.org\/pravljice\/wp-content\/uploads\/2024\/06\/zaljub1.jpg\" alt=\"\" class=\"wp-image-193\" srcset=\"https:\/\/pravljice.org\/pravljice\/wp-content\/uploads\/2024\/06\/zaljub1.jpg 604w, https:\/\/pravljice.org\/pravljice\/wp-content\/uploads\/2024\/06\/zaljub1-211x300.jpg 211w\" sizes=\"auto, (max-width: 604px) 100vw, 604px\" \/><\/figure>\n\n\n\n<figure class=\"wp-block-image size-large\"><img loading=\"lazy\" decoding=\"async\" width=\"150\" height=\"213\" data-id=\"189\" src=\"https:\/\/pravljice.org\/pravljice\/wp-content\/uploads\/2024\/06\/zaljub1-150.jpg\" alt=\"\" class=\"wp-image-189\"\/><\/figure>\n\n\n\n<figure class=\"wp-block-image size-large\"><img loading=\"lazy\" decoding=\"async\" width=\"605\" height=\"861\" data-id=\"191\" src=\"https:\/\/pravljice.org\/pravljice\/wp-content\/uploads\/2024\/06\/zaljub2.jpg\" alt=\"\" class=\"wp-image-191\" srcset=\"https:\/\/pravljice.org\/pravljice\/wp-content\/uploads\/2024\/06\/zaljub2.jpg 605w, https:\/\/pravljice.org\/pravljice\/wp-content\/uploads\/2024\/06\/zaljub2-211x300.jpg 211w\" sizes=\"auto, (max-width: 605px) 100vw, 605px\" \/><\/figure>\n\n\n\n<figure class=\"wp-block-image size-large\"><img loading=\"lazy\" decoding=\"async\" width=\"603\" height=\"853\" data-id=\"188\" src=\"https:\/\/pravljice.org\/pravljice\/wp-content\/uploads\/2024\/06\/zaljub3-1.jpg\" alt=\"\" class=\"wp-image-188\" srcset=\"https:\/\/pravljice.org\/pravljice\/wp-content\/uploads\/2024\/06\/zaljub3-1.jpg 603w, https:\/\/pravljice.org\/pravljice\/wp-content\/uploads\/2024\/06\/zaljub3-1-212x300.jpg 212w\" sizes=\"auto, (max-width: 603px) 100vw, 603px\" \/><\/figure>\n\n\n\n<figure class=\"wp-block-image size-large\"><img loading=\"lazy\" decoding=\"async\" width=\"601\" height=\"861\" data-id=\"190\" src=\"https:\/\/pravljice.org\/pravljice\/wp-content\/uploads\/2024\/06\/zaljub5.jpg\" alt=\"\" class=\"wp-image-190\" srcset=\"https:\/\/pravljice.org\/pravljice\/wp-content\/uploads\/2024\/06\/zaljub5.jpg 601w, https:\/\/pravljice.org\/pravljice\/wp-content\/uploads\/2024\/06\/zaljub5-209x300.jpg 209w\" sizes=\"auto, (max-width: 601px) 100vw, 601px\" \/><\/figure>\n<\/figure>\n\n\n\n<p>Vse ilustracije Adriana Jane\u017ei\u010da na tej strani so objavljene v sliaknicah Moja, moja, moja in Zaljubljeni zaj\u010dek, ki ju lahko najdete na spletni strani <a href=\"https:\/\/tolovaj.com\/trgovina\/\" data-type=\"link\" data-id=\"https:\/\/tolovaj.com\/trgovina\/\" target=\"_blank\" rel=\"noreferrer noopener\">Slikanice in knjige za otroke zalo\u017ebe Tolovaj.<\/a><\/p>\n\n\n\n<p>&nbsp;&nbsp;&nbsp;<\/p>\n","protected":false},"excerpt":{"rendered":"<p>Ilustracije Adriana Jane\u017ei\u010da &#8211; galerija\u00a0\u00a0\u00a0\u00a0\u00a0 Vse ilustracije Adriana Jane\u017ei\u010da na tej strani so objavljene v sliaknicah Moja, moja, moja in Zaljubljeni zaj\u010dek, ki ju lahko najdete na spletni strani Slikanice in knjige za otroke zalo\u017ebe Tolovaj. &nbsp;&nbsp;&nbsp;<\/p>\n","protected":false},"author":1,"featured_media":0,"parent":17,"menu_order":1,"comment_status":"closed","ping_status":"closed","template":"","meta":{"_siteseo_robots_primary_cat":"","footnotes":""},"class_list":["post-37","page","type-page","status-publish","hentry"],"_links":{"self":[{"href":"https:\/\/pravljice.org\/pravljice\/wp-json\/wp\/v2\/pages\/37","targetHints":{"allow":["GET"]}}],"collection":[{"href":"https:\/\/pravljice.org\/pravljice\/wp-json\/wp\/v2\/pages"}],"about":[{"href":"https:\/\/pravljice.org\/pravljice\/wp-json\/wp\/v2\/types\/page"}],"author":[{"embeddable":true,"href":"https:\/\/pravljice.org\/pravljice\/wp-json\/wp\/v2\/users\/1"}],"replies":[{"embeddable":true,"href":"https:\/\/pravljice.org\/pravljice\/wp-json\/wp\/v2\/comments?post=37"}],"version-history":[{"count":2,"href":"https:\/\/pravljice.org\/pravljice\/wp-json\/wp\/v2\/pages\/37\/revisions"}],"predecessor-version":[{"id":194,"href":"https:\/\/pravljice.org\/pravljice\/wp-json\/wp\/v2\/pages\/37\/revisions\/194"}],"up":[{"embeddable":true,"href":"https:\/\/pravljice.org\/pravljice\/wp-json\/wp\/v2\/pages\/17"}],"wp:attachment":[{"href":"https:\/\/pravljice.org\/pravljice\/wp-json\/wp\/v2\/media?parent=37"}],"curies":[{"name":"wp","href":"https:\/\/api.w.org\/{rel}","templated":true}]}}