{"id":655,"date":"2024-06-30T11:01:41","date_gmt":"2024-06-30T11:01:41","guid":{"rendered":"https:\/\/pravljice.org\/pobarvanke\/?page_id=655"},"modified":"2024-06-30T11:17:29","modified_gmt":"2024-06-30T11:17:29","slug":"kazalo","status":"publish","type":"page","link":"https:\/\/pravljice.org\/pobarvanke\/kazalo\/","title":{"rendered":"Kazalo"},"content":{"rendered":"<ul class=\"wp-block-page-list\"><li class=\"wp-block-pages-list__item\"><a class=\"wp-block-pages-list__item__link\" href=\"https:\/\/pravljice.org\/pobarvanke\/pobarvanke\/abeceda-male-tiskane-crke\/\">Abeceda, male tiskane \u010drke<\/a><\/li><li class=\"wp-block-pages-list__item\"><a class=\"wp-block-pages-list__item__link\" href=\"https:\/\/pravljice.org\/pobarvanke\/pobarvanke\/abeceda-velike-tiskane-crke\/\">Abeceda, velike tiskane \u010drke<\/a><\/li><li class=\"wp-block-pages-list__item\"><a class=\"wp-block-pages-list__item__link\" href=\"https:\/\/pravljice.org\/pobarvanke\/pobarvanke\/gradovi-princeske-in-vitezi\/\">Gradovi, princeske in vitezi<\/a><\/li><li class=\"wp-block-pages-list__item\"><a class=\"wp-block-pages-list__item__link\" href=\"https:\/\/pravljice.org\/pobarvanke\/pobarvanke\/jesenske-pobarvanke\/\">Jesenske pobarvanke<\/a><\/li><li class=\"wp-block-pages-list__item\"><a class=\"wp-block-pages-list__item__link\" href=\"https:\/\/pravljice.org\/pobarvanke\/pobarvanke\/metulji\/\">Metulji<\/a><\/li><li class=\"wp-block-pages-list__item\"><a class=\"wp-block-pages-list__item__link\" href=\"https:\/\/pravljice.org\/pobarvanke\/pobarvanke\/pobarvanke-angeli\/\">Pobarvanke Angeli<\/a><\/li><li class=\"wp-block-pages-list__item\"><a class=\"wp-block-pages-list__item__link\" href=\"https:\/\/pravljice.org\/pobarvanke\/pobarvanke\/pobarvanke-bozic-in-novo-leto\/\">Pobarvanke Bo\u017ei\u010d in Novo leto<\/a><\/li><li class=\"wp-block-pages-list__item\"><a class=\"wp-block-pages-list__item__link\" href=\"https:\/\/pravljice.org\/pobarvanke\/pobarvanke\/pobarvanke-bozicek\/\">Pobarvanke Bo\u017ei\u010dek<\/a><\/li><li class=\"wp-block-pages-list__item\"><a class=\"wp-block-pages-list__item__link\" href=\"https:\/\/pravljice.org\/pobarvanke\/pobarvanke\/pobarvanke-carovnice\/\">Pobarvanke \u010carovnice<\/a><\/li><li class=\"wp-block-pages-list__item\"><a class=\"wp-block-pages-list__item__link\" href=\"https:\/\/pravljice.org\/pobarvanke\/pobarvanke\/pobarvanke-dinozavri\/\">Pobarvanke Dinozavri<\/a><\/li><li class=\"wp-block-pages-list__item\"><a class=\"wp-block-pages-list__item__link\" href=\"https:\/\/pravljice.org\/pobarvanke\/pobarvanke\/pobarvanke-pika-nogavicka\/\">Pobarvanke Pika Nogavi\u010dka<\/a><\/li><li class=\"wp-block-pages-list__item\"><a class=\"wp-block-pages-list__item__link\" href=\"https:\/\/pravljice.org\/pobarvanke\/pobarvanke\/pobarvanke-psi\/\">Pobarvanke Psi<\/a><\/li><li class=\"wp-block-pages-list__item\"><a class=\"wp-block-pages-list__item__link\" href=\"https:\/\/pravljice.org\/pobarvanke\/pobarvanke\/pobarvanke-z-avtomobili\/\">Pobarvanke z avtomobili<\/a><\/li><li class=\"wp-block-pages-list__item\"><a class=\"wp-block-pages-list__item__link\" href=\"https:\/\/pravljice.org\/pobarvanke\/pobarvanke\/pobarvanke-za-noc-carovnic\/\">Pobarvanke za No\u010d \u010darovnic<\/a><\/li><li class=\"wp-block-pages-list__item\"><a class=\"wp-block-pages-list__item__link\" href=\"https:\/\/pravljice.org\/pobarvanke\/pobarvanke\/se-vec-pobarvank-za-noc-carovnic\/\">Pobarvanke za No\u010d \u010darovnic \u0161e ve\u010d<\/a><\/li><li class=\"wp-block-pages-list__item\"><a class=\"wp-block-pages-list__item__link\" href=\"https:\/\/pravljice.org\/pobarvanke\/pobarvanke\/roze\/\">Ro\u017ee<\/a><\/li><li class=\"wp-block-pages-list__item\"><a class=\"wp-block-pages-list__item__link\" href=\"https:\/\/pravljice.org\/pobarvanke\/pobarvanke\/velikonocne-pobarvanke\/\">Velikono\u010dne pobarvanke<\/a><\/li><\/ul>","protected":false},"excerpt":{"rendered":"","protected":false},"author":1,"featured_media":0,"parent":0,"menu_order":0,"comment_status":"closed","ping_status":"closed","template":"","meta":{"_siteseo_robots_primary_cat":"","footnotes":""},"class_list":["post-655","page","type-page","status-publish","hentry"],"_links":{"self":[{"href":"https:\/\/pravljice.org\/pobarvanke\/wp-json\/wp\/v2\/pages\/655","targetHints":{"allow":["GET"]}}],"collection":[{"href":"https:\/\/pravljice.org\/pobarvanke\/wp-json\/wp\/v2\/pages"}],"about":[{"href":"https:\/\/pravljice.org\/pobarvanke\/wp-json\/wp\/v2\/types\/page"}],"author":[{"embeddable":true,"href":"https:\/\/pravljice.org\/pobarvanke\/wp-json\/wp\/v2\/users\/1"}],"replies":[{"embeddable":true,"href":"https:\/\/pravljice.org\/pobarvanke\/wp-json\/wp\/v2\/comments?post=655"}],"version-history":[{"count":2,"href":"https:\/\/pravljice.org\/pobarvanke\/wp-json\/wp\/v2\/pages\/655\/revisions"}],"predecessor-version":[{"id":661,"href":"https:\/\/pravljice.org\/pobarvanke\/wp-json\/wp\/v2\/pages\/655\/revisions\/661"}],"wp:attachment":[{"href":"https:\/\/pravljice.org\/pobarvanke\/wp-json\/wp\/v2\/media?parent=655"}],"curies":[{"name":"wp","href":"https:\/\/api.w.org\/{rel}","templated":true}]}}