{"id":260,"date":"2024-06-28T13:59:25","date_gmt":"2024-06-28T13:59:25","guid":{"rendered":"https:\/\/pravljice.org\/pobarvanke1\/?page_id=260"},"modified":"2024-06-28T15:36:02","modified_gmt":"2024-06-28T15:36:02","slug":"abeceda-male-tiskane-crke","status":"publish","type":"page","link":"https:\/\/pravljice.org\/pobarvanke\/pobarvanke\/abeceda-male-tiskane-crke\/","title":{"rendered":"Abeceda, male tiskane \u010drke"},"content":{"rendered":"\n<p>Ko spoznamo velike, so na vrsti male tiskane \u010drke. Brez njih abeceda pa\u010d ni popolna! Ker so male \u010drke nekoliko te\u017eje, bodo sli\u010dice ob njih zagotovo pomagale k la\u017ejemu pomnjenju. Izpla\u010da se. Ko spoznamo celotno abecedo z velikimi in malimi \u010drkami, nobena knjiga ne bo mogla ve\u010d skrivati svojih skrivnosti pred nami!<\/p>\n\n\n\n<p>Tudi tokrat bodo morda nekatere \u010drke in ustezne pobarvanke bolj pritegnile de\u010dke in druge deklice. Toda \u010deprav bo nekomu bolj v\u0161e\u010d pobarvati a in avtobus, drugemu \u010drko j, ki jo spremlja je\u017eek, in tretjemu v in vozi\u010dek, so na koncu pomembne prav se \u010drke. Tudi pobarvanke z malimi tiskanimi \u010drkami smo sestavili v PDF knji\u017eico, ki jo lahko prenesete na svoj ra\u010dunalnik in natisnete otrokom za vajo in v veselje.<\/p>\n\n\n\n<p>U\u010denje abecede je najla\u017eje s pomo\u010djo povezovanja \u010drk z besedami, ki jih otroci \u017ee poznajo. Za vsako \u010drko smo izbrali besedo, ki se s to \u010drko za\u010dne in seveda smo pazili, da so na voljo slovenske \u010drke. Abecedo na na\u0161i spletni strani lahko uporabite zase in svoje otroke brez strahu, da bi s tem kr\u0161ili avtorske pravice. Zabavajte se ob u\u010denju!<\/p>\n\n\n\n<figure class=\"wp-block-gallery has-nested-images columns-default is-cropped wp-block-gallery-1 is-layout-flex wp-block-gallery-is-layout-flex\">\n<figure class=\"wp-block-image size-large\"><img loading=\"lazy\" decoding=\"async\" width=\"724\" height=\"1024\" data-id=\"263\" src=\"https:\/\/pravljice.org\/pobarvanke\/wp-content\/uploads\/2024\/06\/avtobus-724x1024.jpg\" alt=\"\" class=\"wp-image-263\" srcset=\"https:\/\/pravljice.org\/pobarvanke\/wp-content\/uploads\/2024\/06\/avtobus-724x1024.jpg 724w, https:\/\/pravljice.org\/pobarvanke\/wp-content\/uploads\/2024\/06\/avtobus-212x300.jpg 212w, https:\/\/pravljice.org\/pobarvanke\/wp-content\/uploads\/2024\/06\/avtobus-768x1086.jpg 768w, https:\/\/pravljice.org\/pobarvanke\/wp-content\/uploads\/2024\/06\/avtobus.jpg 794w\" sizes=\"auto, (max-width: 724px) 100vw, 724px\" \/><\/figure>\n\n\n\n<figure class=\"wp-block-image size-large\"><img loading=\"lazy\" decoding=\"async\" width=\"724\" height=\"1024\" data-id=\"264\" src=\"https:\/\/pravljice.org\/pobarvanke\/wp-content\/uploads\/2024\/06\/barvice-724x1024.jpg\" alt=\"\" class=\"wp-image-264\" srcset=\"https:\/\/pravljice.org\/pobarvanke\/wp-content\/uploads\/2024\/06\/barvice-724x1024.jpg 724w, https:\/\/pravljice.org\/pobarvanke\/wp-content\/uploads\/2024\/06\/barvice-212x300.jpg 212w, https:\/\/pravljice.org\/pobarvanke\/wp-content\/uploads\/2024\/06\/barvice-768x1086.jpg 768w, https:\/\/pravljice.org\/pobarvanke\/wp-content\/uploads\/2024\/06\/barvice.jpg 794w\" sizes=\"auto, (max-width: 724px) 100vw, 724px\" \/><\/figure>\n\n\n\n<figure class=\"wp-block-image size-large\"><img loading=\"lazy\" decoding=\"async\" width=\"724\" height=\"1024\" data-id=\"270\" src=\"https:\/\/pravljice.org\/pobarvanke\/wp-content\/uploads\/2024\/06\/c-copati-724x1024.jpg\" alt=\"\" class=\"wp-image-270\" srcset=\"https:\/\/pravljice.org\/pobarvanke\/wp-content\/uploads\/2024\/06\/c-copati-724x1024.jpg 724w, https:\/\/pravljice.org\/pobarvanke\/wp-content\/uploads\/2024\/06\/c-copati-212x300.jpg 212w, https:\/\/pravljice.org\/pobarvanke\/wp-content\/uploads\/2024\/06\/c-copati-768x1086.jpg 768w, https:\/\/pravljice.org\/pobarvanke\/wp-content\/uploads\/2024\/06\/c-copati.jpg 794w\" sizes=\"auto, (max-width: 724px) 100vw, 724px\" \/><\/figure>\n\n\n\n<figure class=\"wp-block-image size-large\"><img loading=\"lazy\" decoding=\"async\" width=\"724\" height=\"1024\" data-id=\"267\" src=\"https:\/\/pravljice.org\/pobarvanke\/wp-content\/uploads\/2024\/06\/cevlji-724x1024.jpg\" alt=\"\" class=\"wp-image-267\" srcset=\"https:\/\/pravljice.org\/pobarvanke\/wp-content\/uploads\/2024\/06\/cevlji-724x1024.jpg 724w, https:\/\/pravljice.org\/pobarvanke\/wp-content\/uploads\/2024\/06\/cevlji-212x300.jpg 212w, https:\/\/pravljice.org\/pobarvanke\/wp-content\/uploads\/2024\/06\/cevlji-768x1086.jpg 768w, https:\/\/pravljice.org\/pobarvanke\/wp-content\/uploads\/2024\/06\/cevlji.jpg 794w\" sizes=\"auto, (max-width: 724px) 100vw, 724px\" \/><\/figure>\n\n\n\n<figure class=\"wp-block-image size-large\"><img loading=\"lazy\" decoding=\"async\" width=\"724\" height=\"1024\" data-id=\"268\" src=\"https:\/\/pravljice.org\/pobarvanke\/wp-content\/uploads\/2024\/06\/drevo-2-724x1024.jpg\" alt=\"\" class=\"wp-image-268\" srcset=\"https:\/\/pravljice.org\/pobarvanke\/wp-content\/uploads\/2024\/06\/drevo-2-724x1024.jpg 724w, https:\/\/pravljice.org\/pobarvanke\/wp-content\/uploads\/2024\/06\/drevo-2-212x300.jpg 212w, https:\/\/pravljice.org\/pobarvanke\/wp-content\/uploads\/2024\/06\/drevo-2-768x1086.jpg 768w, https:\/\/pravljice.org\/pobarvanke\/wp-content\/uploads\/2024\/06\/drevo-2.jpg 794w\" sizes=\"auto, (max-width: 724px) 100vw, 724px\" \/><\/figure>\n\n\n\n<figure class=\"wp-block-image size-large\"><img loading=\"lazy\" decoding=\"async\" width=\"724\" height=\"1024\" data-id=\"271\" src=\"https:\/\/pravljice.org\/pobarvanke\/wp-content\/uploads\/2024\/06\/euro-724x1024.jpg\" alt=\"\" class=\"wp-image-271\" srcset=\"https:\/\/pravljice.org\/pobarvanke\/wp-content\/uploads\/2024\/06\/euro-724x1024.jpg 724w, https:\/\/pravljice.org\/pobarvanke\/wp-content\/uploads\/2024\/06\/euro-212x300.jpg 212w, https:\/\/pravljice.org\/pobarvanke\/wp-content\/uploads\/2024\/06\/euro-768x1086.jpg 768w, https:\/\/pravljice.org\/pobarvanke\/wp-content\/uploads\/2024\/06\/euro.jpg 794w\" sizes=\"auto, (max-width: 724px) 100vw, 724px\" \/><\/figure>\n\n\n\n<figure class=\"wp-block-image size-large\"><img loading=\"lazy\" decoding=\"async\" width=\"724\" height=\"1024\" data-id=\"269\" src=\"https:\/\/pravljice.org\/pobarvanke\/wp-content\/uploads\/2024\/06\/faraon-724x1024.jpg\" alt=\"\" class=\"wp-image-269\" srcset=\"https:\/\/pravljice.org\/pobarvanke\/wp-content\/uploads\/2024\/06\/faraon-724x1024.jpg 724w, https:\/\/pravljice.org\/pobarvanke\/wp-content\/uploads\/2024\/06\/faraon-212x300.jpg 212w, https:\/\/pravljice.org\/pobarvanke\/wp-content\/uploads\/2024\/06\/faraon-768x1086.jpg 768w, https:\/\/pravljice.org\/pobarvanke\/wp-content\/uploads\/2024\/06\/faraon.jpg 794w\" sizes=\"auto, (max-width: 724px) 100vw, 724px\" \/><\/figure>\n\n\n\n<figure class=\"wp-block-image size-large\"><img loading=\"lazy\" decoding=\"async\" width=\"724\" height=\"1024\" data-id=\"265\" src=\"https:\/\/pravljice.org\/pobarvanke\/wp-content\/uploads\/2024\/06\/gugalnica-724x1024.jpg\" alt=\"\" class=\"wp-image-265\" srcset=\"https:\/\/pravljice.org\/pobarvanke\/wp-content\/uploads\/2024\/06\/gugalnica-724x1024.jpg 724w, https:\/\/pravljice.org\/pobarvanke\/wp-content\/uploads\/2024\/06\/gugalnica-212x300.jpg 212w, https:\/\/pravljice.org\/pobarvanke\/wp-content\/uploads\/2024\/06\/gugalnica-768x1086.jpg 768w, https:\/\/pravljice.org\/pobarvanke\/wp-content\/uploads\/2024\/06\/gugalnica.jpg 794w\" sizes=\"auto, (max-width: 724px) 100vw, 724px\" \/><\/figure>\n\n\n\n<figure class=\"wp-block-image size-large\"><img loading=\"lazy\" decoding=\"async\" width=\"724\" height=\"1024\" data-id=\"266\" src=\"https:\/\/pravljice.org\/pobarvanke\/wp-content\/uploads\/2024\/06\/harmonika-724x1024.jpg\" alt=\"\" class=\"wp-image-266\" srcset=\"https:\/\/pravljice.org\/pobarvanke\/wp-content\/uploads\/2024\/06\/harmonika-724x1024.jpg 724w, https:\/\/pravljice.org\/pobarvanke\/wp-content\/uploads\/2024\/06\/harmonika-212x300.jpg 212w, https:\/\/pravljice.org\/pobarvanke\/wp-content\/uploads\/2024\/06\/harmonika-768x1086.jpg 768w, https:\/\/pravljice.org\/pobarvanke\/wp-content\/uploads\/2024\/06\/harmonika.jpg 794w\" sizes=\"auto, (max-width: 724px) 100vw, 724px\" \/><\/figure>\n<\/figure>\n\n\n\n<figure class=\"wp-block-gallery has-nested-images columns-default is-cropped wp-block-gallery-2 is-layout-flex wp-block-gallery-is-layout-flex\">\n<figure class=\"wp-block-image size-large\"><img loading=\"lazy\" decoding=\"async\" width=\"724\" height=\"1024\" data-id=\"273\" src=\"https:\/\/pravljice.org\/pobarvanke\/wp-content\/uploads\/2024\/06\/igrace-724x1024.jpg\" alt=\"\" class=\"wp-image-273\" srcset=\"https:\/\/pravljice.org\/pobarvanke\/wp-content\/uploads\/2024\/06\/igrace-724x1024.jpg 724w, https:\/\/pravljice.org\/pobarvanke\/wp-content\/uploads\/2024\/06\/igrace-212x300.jpg 212w, https:\/\/pravljice.org\/pobarvanke\/wp-content\/uploads\/2024\/06\/igrace-768x1086.jpg 768w, https:\/\/pravljice.org\/pobarvanke\/wp-content\/uploads\/2024\/06\/igrace.jpg 794w\" sizes=\"auto, (max-width: 724px) 100vw, 724px\" \/><\/figure>\n\n\n\n<figure class=\"wp-block-image size-large\"><img loading=\"lazy\" decoding=\"async\" width=\"724\" height=\"1024\" data-id=\"278\" src=\"https:\/\/pravljice.org\/pobarvanke\/wp-content\/uploads\/2024\/06\/jez-724x1024.jpg\" alt=\"\" class=\"wp-image-278\" srcset=\"https:\/\/pravljice.org\/pobarvanke\/wp-content\/uploads\/2024\/06\/jez-724x1024.jpg 724w, https:\/\/pravljice.org\/pobarvanke\/wp-content\/uploads\/2024\/06\/jez-212x300.jpg 212w, https:\/\/pravljice.org\/pobarvanke\/wp-content\/uploads\/2024\/06\/jez-768x1086.jpg 768w, https:\/\/pravljice.org\/pobarvanke\/wp-content\/uploads\/2024\/06\/jez.jpg 794w\" sizes=\"auto, (max-width: 724px) 100vw, 724px\" \/><\/figure>\n\n\n\n<figure class=\"wp-block-image size-large\"><img loading=\"lazy\" decoding=\"async\" width=\"724\" height=\"1024\" data-id=\"274\" src=\"https:\/\/pravljice.org\/pobarvanke\/wp-content\/uploads\/2024\/06\/klobuk-724x1024.jpg\" alt=\"\" class=\"wp-image-274\" srcset=\"https:\/\/pravljice.org\/pobarvanke\/wp-content\/uploads\/2024\/06\/klobuk-724x1024.jpg 724w, https:\/\/pravljice.org\/pobarvanke\/wp-content\/uploads\/2024\/06\/klobuk-212x300.jpg 212w, https:\/\/pravljice.org\/pobarvanke\/wp-content\/uploads\/2024\/06\/klobuk-768x1086.jpg 768w, https:\/\/pravljice.org\/pobarvanke\/wp-content\/uploads\/2024\/06\/klobuk.jpg 794w\" sizes=\"auto, (max-width: 724px) 100vw, 724px\" \/><\/figure>\n\n\n\n<figure class=\"wp-block-image size-large\"><img loading=\"lazy\" decoding=\"async\" width=\"724\" height=\"1024\" data-id=\"272\" src=\"https:\/\/pravljice.org\/pobarvanke\/wp-content\/uploads\/2024\/06\/list-724x1024.jpg\" alt=\"\" class=\"wp-image-272\" srcset=\"https:\/\/pravljice.org\/pobarvanke\/wp-content\/uploads\/2024\/06\/list-724x1024.jpg 724w, https:\/\/pravljice.org\/pobarvanke\/wp-content\/uploads\/2024\/06\/list-212x300.jpg 212w, https:\/\/pravljice.org\/pobarvanke\/wp-content\/uploads\/2024\/06\/list-768x1086.jpg 768w, https:\/\/pravljice.org\/pobarvanke\/wp-content\/uploads\/2024\/06\/list.jpg 794w\" sizes=\"auto, (max-width: 724px) 100vw, 724px\" \/><\/figure>\n\n\n\n<figure class=\"wp-block-image size-large\"><img loading=\"lazy\" decoding=\"async\" width=\"724\" height=\"1024\" data-id=\"275\" src=\"https:\/\/pravljice.org\/pobarvanke\/wp-content\/uploads\/2024\/06\/muca-724x1024.jpg\" alt=\"\" class=\"wp-image-275\" srcset=\"https:\/\/pravljice.org\/pobarvanke\/wp-content\/uploads\/2024\/06\/muca-724x1024.jpg 724w, https:\/\/pravljice.org\/pobarvanke\/wp-content\/uploads\/2024\/06\/muca-212x300.jpg 212w, https:\/\/pravljice.org\/pobarvanke\/wp-content\/uploads\/2024\/06\/muca-768x1086.jpg 768w, https:\/\/pravljice.org\/pobarvanke\/wp-content\/uploads\/2024\/06\/muca.jpg 794w\" sizes=\"auto, (max-width: 724px) 100vw, 724px\" \/><\/figure>\n\n\n\n<figure class=\"wp-block-image size-large\"><img loading=\"lazy\" decoding=\"async\" width=\"724\" height=\"1024\" data-id=\"276\" src=\"https:\/\/pravljice.org\/pobarvanke\/wp-content\/uploads\/2024\/06\/noj-724x1024.jpg\" alt=\"\" class=\"wp-image-276\" srcset=\"https:\/\/pravljice.org\/pobarvanke\/wp-content\/uploads\/2024\/06\/noj-724x1024.jpg 724w, https:\/\/pravljice.org\/pobarvanke\/wp-content\/uploads\/2024\/06\/noj-212x300.jpg 212w, https:\/\/pravljice.org\/pobarvanke\/wp-content\/uploads\/2024\/06\/noj-768x1086.jpg 768w, https:\/\/pravljice.org\/pobarvanke\/wp-content\/uploads\/2024\/06\/noj.jpg 794w\" sizes=\"auto, (max-width: 724px) 100vw, 724px\" \/><\/figure>\n\n\n\n<figure class=\"wp-block-image size-large\"><img loading=\"lazy\" decoding=\"async\" width=\"724\" height=\"1024\" data-id=\"277\" src=\"https:\/\/pravljice.org\/pobarvanke\/wp-content\/uploads\/2024\/06\/osel-724x1024.jpg\" alt=\"\" class=\"wp-image-277\" srcset=\"https:\/\/pravljice.org\/pobarvanke\/wp-content\/uploads\/2024\/06\/osel-724x1024.jpg 724w, https:\/\/pravljice.org\/pobarvanke\/wp-content\/uploads\/2024\/06\/osel-212x300.jpg 212w, https:\/\/pravljice.org\/pobarvanke\/wp-content\/uploads\/2024\/06\/osel-768x1086.jpg 768w, https:\/\/pravljice.org\/pobarvanke\/wp-content\/uploads\/2024\/06\/osel.jpg 794w\" sizes=\"auto, (max-width: 724px) 100vw, 724px\" \/><\/figure>\n\n\n\n<figure class=\"wp-block-image size-large\"><img loading=\"lazy\" decoding=\"async\" width=\"724\" height=\"1024\" data-id=\"280\" src=\"https:\/\/pravljice.org\/pobarvanke\/wp-content\/uploads\/2024\/06\/puncka-724x1024.jpg\" alt=\"\" class=\"wp-image-280\" srcset=\"https:\/\/pravljice.org\/pobarvanke\/wp-content\/uploads\/2024\/06\/puncka-724x1024.jpg 724w, https:\/\/pravljice.org\/pobarvanke\/wp-content\/uploads\/2024\/06\/puncka-212x300.jpg 212w, https:\/\/pravljice.org\/pobarvanke\/wp-content\/uploads\/2024\/06\/puncka-768x1086.jpg 768w, https:\/\/pravljice.org\/pobarvanke\/wp-content\/uploads\/2024\/06\/puncka.jpg 794w\" sizes=\"auto, (max-width: 724px) 100vw, 724px\" \/><\/figure>\n\n\n\n<figure class=\"wp-block-image size-large\"><img loading=\"lazy\" decoding=\"async\" width=\"724\" height=\"1024\" data-id=\"279\" src=\"https:\/\/pravljice.org\/pobarvanke\/wp-content\/uploads\/2024\/06\/racunalnik-724x1024.jpg\" alt=\"\" class=\"wp-image-279\" srcset=\"https:\/\/pravljice.org\/pobarvanke\/wp-content\/uploads\/2024\/06\/racunalnik-724x1024.jpg 724w, https:\/\/pravljice.org\/pobarvanke\/wp-content\/uploads\/2024\/06\/racunalnik-212x300.jpg 212w, https:\/\/pravljice.org\/pobarvanke\/wp-content\/uploads\/2024\/06\/racunalnik-768x1086.jpg 768w, https:\/\/pravljice.org\/pobarvanke\/wp-content\/uploads\/2024\/06\/racunalnik.jpg 794w\" sizes=\"auto, (max-width: 724px) 100vw, 724px\" \/><\/figure>\n<\/figure>\n\n\n\n<figure class=\"wp-block-gallery has-nested-images columns-default is-cropped wp-block-gallery-3 is-layout-flex wp-block-gallery-is-layout-flex\">\n<figure class=\"wp-block-image size-large\"><img loading=\"lazy\" decoding=\"async\" width=\"724\" height=\"1024\" data-id=\"285\" src=\"https:\/\/pravljice.org\/pobarvanke\/wp-content\/uploads\/2024\/06\/sotor-724x1024.jpg\" alt=\"\" class=\"wp-image-285\" srcset=\"https:\/\/pravljice.org\/pobarvanke\/wp-content\/uploads\/2024\/06\/sotor-724x1024.jpg 724w, https:\/\/pravljice.org\/pobarvanke\/wp-content\/uploads\/2024\/06\/sotor-212x300.jpg 212w, https:\/\/pravljice.org\/pobarvanke\/wp-content\/uploads\/2024\/06\/sotor-768x1086.jpg 768w, https:\/\/pravljice.org\/pobarvanke\/wp-content\/uploads\/2024\/06\/sotor.jpg 794w\" sizes=\"auto, (max-width: 724px) 100vw, 724px\" \/><\/figure>\n\n\n\n<figure class=\"wp-block-image size-large\"><img loading=\"lazy\" decoding=\"async\" width=\"724\" height=\"1024\" data-id=\"282\" src=\"https:\/\/pravljice.org\/pobarvanke\/wp-content\/uploads\/2024\/06\/s-sveca-724x1024.jpg\" alt=\"\" class=\"wp-image-282\" srcset=\"https:\/\/pravljice.org\/pobarvanke\/wp-content\/uploads\/2024\/06\/s-sveca-724x1024.jpg 724w, https:\/\/pravljice.org\/pobarvanke\/wp-content\/uploads\/2024\/06\/s-sveca-212x300.jpg 212w, https:\/\/pravljice.org\/pobarvanke\/wp-content\/uploads\/2024\/06\/s-sveca-768x1086.jpg 768w, https:\/\/pravljice.org\/pobarvanke\/wp-content\/uploads\/2024\/06\/s-sveca.jpg 794w\" sizes=\"auto, (max-width: 724px) 100vw, 724px\" \/><\/figure>\n\n\n\n<figure class=\"wp-block-image size-large\"><img loading=\"lazy\" decoding=\"async\" width=\"724\" height=\"1024\" data-id=\"281\" src=\"https:\/\/pravljice.org\/pobarvanke\/wp-content\/uploads\/2024\/06\/torta-724x1024.jpg\" alt=\"\" class=\"wp-image-281\" srcset=\"https:\/\/pravljice.org\/pobarvanke\/wp-content\/uploads\/2024\/06\/torta-724x1024.jpg 724w, https:\/\/pravljice.org\/pobarvanke\/wp-content\/uploads\/2024\/06\/torta-212x300.jpg 212w, https:\/\/pravljice.org\/pobarvanke\/wp-content\/uploads\/2024\/06\/torta-768x1086.jpg 768w, https:\/\/pravljice.org\/pobarvanke\/wp-content\/uploads\/2024\/06\/torta.jpg 794w\" sizes=\"auto, (max-width: 724px) 100vw, 724px\" \/><\/figure>\n\n\n\n<figure class=\"wp-block-image size-large\"><img loading=\"lazy\" decoding=\"async\" width=\"724\" height=\"1024\" data-id=\"284\" src=\"https:\/\/pravljice.org\/pobarvanke\/wp-content\/uploads\/2024\/06\/usta-724x1024.jpg\" alt=\"\" class=\"wp-image-284\" srcset=\"https:\/\/pravljice.org\/pobarvanke\/wp-content\/uploads\/2024\/06\/usta-724x1024.jpg 724w, https:\/\/pravljice.org\/pobarvanke\/wp-content\/uploads\/2024\/06\/usta-212x300.jpg 212w, https:\/\/pravljice.org\/pobarvanke\/wp-content\/uploads\/2024\/06\/usta-768x1086.jpg 768w, https:\/\/pravljice.org\/pobarvanke\/wp-content\/uploads\/2024\/06\/usta.jpg 794w\" sizes=\"auto, (max-width: 724px) 100vw, 724px\" \/><\/figure>\n\n\n\n<figure class=\"wp-block-image size-large\"><img loading=\"lazy\" decoding=\"async\" width=\"724\" height=\"1024\" data-id=\"286\" src=\"https:\/\/pravljice.org\/pobarvanke\/wp-content\/uploads\/2024\/06\/vozicek-724x1024.jpg\" alt=\"\" class=\"wp-image-286\" srcset=\"https:\/\/pravljice.org\/pobarvanke\/wp-content\/uploads\/2024\/06\/vozicek-724x1024.jpg 724w, https:\/\/pravljice.org\/pobarvanke\/wp-content\/uploads\/2024\/06\/vozicek-212x300.jpg 212w, https:\/\/pravljice.org\/pobarvanke\/wp-content\/uploads\/2024\/06\/vozicek-768x1086.jpg 768w, https:\/\/pravljice.org\/pobarvanke\/wp-content\/uploads\/2024\/06\/vozicek.jpg 794w\" sizes=\"auto, (max-width: 724px) 100vw, 724px\" \/><\/figure>\n\n\n\n<figure class=\"wp-block-image size-large\"><img loading=\"lazy\" decoding=\"async\" width=\"724\" height=\"1024\" data-id=\"287\" src=\"https:\/\/pravljice.org\/pobarvanke\/wp-content\/uploads\/2024\/06\/zajec-724x1024.jpg\" alt=\"\" class=\"wp-image-287\" srcset=\"https:\/\/pravljice.org\/pobarvanke\/wp-content\/uploads\/2024\/06\/zajec-724x1024.jpg 724w, https:\/\/pravljice.org\/pobarvanke\/wp-content\/uploads\/2024\/06\/zajec-212x300.jpg 212w, https:\/\/pravljice.org\/pobarvanke\/wp-content\/uploads\/2024\/06\/zajec-768x1086.jpg 768w, https:\/\/pravljice.org\/pobarvanke\/wp-content\/uploads\/2024\/06\/zajec.jpg 794w\" sizes=\"auto, (max-width: 724px) 100vw, 724px\" \/><\/figure>\n\n\n\n<figure class=\"wp-block-image size-large\"><img loading=\"lazy\" decoding=\"async\" width=\"724\" height=\"1024\" data-id=\"283\" src=\"https:\/\/pravljice.org\/pobarvanke\/wp-content\/uploads\/2024\/06\/zoga-724x1024.jpg\" alt=\"\" class=\"wp-image-283\" srcset=\"https:\/\/pravljice.org\/pobarvanke\/wp-content\/uploads\/2024\/06\/zoga-724x1024.jpg 724w, https:\/\/pravljice.org\/pobarvanke\/wp-content\/uploads\/2024\/06\/zoga-212x300.jpg 212w, https:\/\/pravljice.org\/pobarvanke\/wp-content\/uploads\/2024\/06\/zoga-768x1086.jpg 768w, https:\/\/pravljice.org\/pobarvanke\/wp-content\/uploads\/2024\/06\/zoga.jpg 794w\" sizes=\"auto, (max-width: 724px) 100vw, 724px\" \/><\/figure>\n<\/figure>\n","protected":false},"excerpt":{"rendered":"<p>Ko spoznamo velike, so na vrsti male tiskane \u010drke. Brez njih abeceda pa\u010d ni popolna! Ker so male \u010drke nekoliko te\u017eje, bodo sli\u010dice ob njih zagotovo pomagale k la\u017ejemu pomnjenju. Izpla\u010da se. Ko spoznamo celotno abecedo z velikimi in malimi \u010drkami, nobena knjiga ne bo mogla ve\u010d skrivati svojih skrivnosti pred nami! Tudi tokrat bodo [&hellip;]<\/p>\n","protected":false},"author":1,"featured_media":0,"parent":99,"menu_order":1,"comment_status":"closed","ping_status":"closed","template":"","meta":{"_siteseo_robots_primary_cat":"","footnotes":""},"class_list":["post-260","page","type-page","status-publish","hentry"],"_links":{"self":[{"href":"https:\/\/pravljice.org\/pobarvanke\/wp-json\/wp\/v2\/pages\/260","targetHints":{"allow":["GET"]}}],"collection":[{"href":"https:\/\/pravljice.org\/pobarvanke\/wp-json\/wp\/v2\/pages"}],"about":[{"href":"https:\/\/pravljice.org\/pobarvanke\/wp-json\/wp\/v2\/types\/page"}],"author":[{"embeddable":true,"href":"https:\/\/pravljice.org\/pobarvanke\/wp-json\/wp\/v2\/users\/1"}],"replies":[{"embeddable":true,"href":"https:\/\/pravljice.org\/pobarvanke\/wp-json\/wp\/v2\/comments?post=260"}],"version-history":[{"count":1,"href":"https:\/\/pravljice.org\/pobarvanke\/wp-json\/wp\/v2\/pages\/260\/revisions"}],"predecessor-version":[{"id":288,"href":"https:\/\/pravljice.org\/pobarvanke\/wp-json\/wp\/v2\/pages\/260\/revisions\/288"}],"up":[{"embeddable":true,"href":"https:\/\/pravljice.org\/pobarvanke\/wp-json\/wp\/v2\/pages\/99"}],"wp:attachment":[{"href":"https:\/\/pravljice.org\/pobarvanke\/wp-json\/wp\/v2\/media?parent=260"}],"curies":[{"name":"wp","href":"https:\/\/api.w.org\/{rel}","templated":true}]}}